{"id":17901,"date":"2017-11-02T05:53:22","date_gmt":"2017-11-02T11:53:22","guid":{"rendered":"http:\/\/amanecerhuasteco.com\/portal\/?page_id=17901"},"modified":"2024-03-06T12:55:43","modified_gmt":"2024-03-06T18:55:43","slug":"noticias","status":"publish","type":"page","link":"https:\/\/amanecerhuasteco.com\/portal\/","title":{"rendered":"Noticias"},"content":{"rendered":"<div class='pt-cv-wrapper'> <h3 class='pt-cv-heading-container heading4' data-blockid='c2wy4k0h'><span class='pt-cv-heading'> Grid <\/span><\/h3><div class=\"pt-cv-view pt-cv-blockgrid iscvblock iscvreal grid1 layout2\" id=\"pt-cv-view-c2wy4k0h\"><div data-id=\"pt-cv-page-1\" class=\"pt-cv-page\" data-cvc=\"3\"><div class=\" pt-cv-content-item pt-cv-1-col\" ><div class=\"pt-cv-thumb-wrapper  \"><a href=\"https:\/\/amanecerhuasteco.com\/portal\/ingenio-el-higo-no-cumple-acuerdo-para-derivar-cana-al-ingenio-plan-de-ayala\/\" class=\"_self pt-cv-href-thumbnail pt-cv-thumb-default\" target=\"_self\" ><img decoding=\"async\" width=\"735\" height=\"1053\" src=\"https:\/\/amanecerhuasteco.com\/portal\/wp-content\/uploads\/2026\/04\/WhatsApp-Image-2026-04-08-at-7.47.26-AM-768x1100.jpeg\" class=\"pt-cv-thumbnail\" alt=\"\" \/><\/a><\/div>\n<div class=\"pt-cv-remain-wrapper\"><h4 class=\"pt-cv-title\"><a href=\"https:\/\/amanecerhuasteco.com\/portal\/ingenio-el-higo-no-cumple-acuerdo-para-derivar-cana-al-ingenio-plan-de-ayala\/\" class=\"_self\" target=\"_self\" >Ingenio el Higo, no cumple acuerdo para derivar ca\u00f1a al Ingenio Plan de Ayala<\/a><\/h4><div class=\"pt-cv-content\">Por no respetar los porcentajes de ca\u00f1a picada y larga, podr\u00eda dejarse de derivar ca\u00f1a al Ingenio Plan de Ayala &#8230;<\/div><div class=\"pt-cv-rmwrap\"><a href=\"https:\/\/amanecerhuasteco.com\/portal\/ingenio-el-higo-no-cumple-acuerdo-para-derivar-cana-al-ingenio-plan-de-ayala\/\" class=\"_self pt-cv-readmore btn btn-success\" target=\"_self\" >Leer M\u00e1s<\/a><\/div><div class=\"pt-cv-meta-fields\"><span class=\"entry-date\"> <time datetime=\"2026-04-08T07:53:51-06:00\">Abr 8, 2026<\/time><\/span><span> \/ <\/span><span class=\"author\"> <a href=\"https:\/\/amanecerhuasteco.com\/portal\/author\/amanecer-huasteco\/\" rel=\"author\">Amanecer Huasteco<\/a><\/span><\/div><\/div><\/div>\n<div class=\" pt-cv-content-item pt-cv-1-col\" ><div class=\"pt-cv-thumb-wrapper  \"><a href=\"https:\/\/amanecerhuasteco.com\/portal\/gobernador-y-alcalde-anuncian-obras-de-reconstruccion-del-circuito-a-la-cordillera-tenek\/\" class=\"_self pt-cv-href-thumbnail pt-cv-thumb-default\" target=\"_self\" ><img decoding=\"async\" width=\"735\" height=\"475\" src=\"https:\/\/amanecerhuasteco.com\/portal\/wp-content\/uploads\/2026\/04\/IMG-20260407-WA0058-768x496.jpg\" class=\"pt-cv-thumbnail\" alt=\"\" \/><\/a><\/div>\n<div class=\"pt-cv-remain-wrapper\"><h4 class=\"pt-cv-title\"><a href=\"https:\/\/amanecerhuasteco.com\/portal\/gobernador-y-alcalde-anuncian-obras-de-reconstruccion-del-circuito-a-la-cordillera-tenek\/\" class=\"_self\" target=\"_self\" >Gobernador y alcalde anuncian obras de reconstrucci\u00f3n del Circuito a la Cordillera Tenek<\/a><\/h4><div class=\"pt-cv-content\">CIUDAD VALLES, S.L.P. \u2013 Como resultado de una reuni\u00f3n de trabajo entre el Gobernador del Estado, Ricardo Gallardo Cardona, y &#8230;<\/div><div class=\"pt-cv-rmwrap\"><a href=\"https:\/\/amanecerhuasteco.com\/portal\/gobernador-y-alcalde-anuncian-obras-de-reconstruccion-del-circuito-a-la-cordillera-tenek\/\" class=\"_self pt-cv-readmore btn btn-success\" target=\"_self\" >Leer M\u00e1s<\/a><\/div><div class=\"pt-cv-meta-fields\"><span class=\"entry-date\"> <time datetime=\"2026-04-08T07:30:27-06:00\">Abr 8, 2026<\/time><\/span><span> \/ <\/span><span class=\"author\"> <a href=\"https:\/\/amanecerhuasteco.com\/portal\/author\/amanecer-huasteco\/\" rel=\"author\">Amanecer Huasteco<\/a><\/span><\/div><\/div><\/div>\n<div class=\" pt-cv-content-item pt-cv-1-col\" ><div class=\"pt-cv-thumb-wrapper  \"><a href=\"https:\/\/amanecerhuasteco.com\/portal\/gobierno-de-valles-pide-a-contribuyentes-a-ponerse-al-corriente-con-pago-de-predial\/\" class=\"_self pt-cv-href-thumbnail pt-cv-thumb-default\" target=\"_self\" ><img decoding=\"async\" width=\"735\" height=\"919\" src=\"https:\/\/amanecerhuasteco.com\/portal\/wp-content\/uploads\/2026\/04\/IMG-20260407-WA00821-768x960.jpg\" class=\"pt-cv-thumbnail\" alt=\"\" \/><\/a><\/div>\n<div class=\"pt-cv-remain-wrapper\"><h4 class=\"pt-cv-title\"><a href=\"https:\/\/amanecerhuasteco.com\/portal\/gobierno-de-valles-pide-a-contribuyentes-a-ponerse-al-corriente-con-pago-de-predial\/\" class=\"_self\" target=\"_self\" >Gobierno de Valles, pide a contribuyentes a ponerse al corriente con pago de predial<\/a><\/h4><div class=\"pt-cv-content\">CIUDAD VALLES, S.L.P.\u2013 La Tesorer\u00eda Municipal del H. Ayuntamiento de Ciudad Valles invita a la ciudadan\u00eda a cumplir de manera &#8230;<\/div><div class=\"pt-cv-rmwrap\"><a href=\"https:\/\/amanecerhuasteco.com\/portal\/gobierno-de-valles-pide-a-contribuyentes-a-ponerse-al-corriente-con-pago-de-predial\/\" class=\"_self pt-cv-readmore btn btn-success\" target=\"_self\" >Leer M\u00e1s<\/a><\/div><div class=\"pt-cv-meta-fields\"><span class=\"entry-date\"> <time datetime=\"2026-04-08T07:27:37-06:00\">Abr 8, 2026<\/time><\/span><span> \/ <\/span><span class=\"author\"> <a href=\"https:\/\/amanecerhuasteco.com\/portal\/author\/amanecer-huasteco\/\" rel=\"author\">Amanecer Huasteco<\/a><\/span><\/div><\/div><\/div>\n<div class=\" pt-cv-content-item pt-cv-1-col\" ><div class=\"pt-cv-thumb-wrapper  \"><a href=\"https:\/\/amanecerhuasteco.com\/portal\/ayuntamiento-lleva-acabo-vacunacion-antirrabica-en-la-colonia-plan-de-ayala\/\" class=\"_self pt-cv-href-thumbnail pt-cv-thumb-default\" target=\"_self\" ><img decoding=\"async\" width=\"735\" height=\"980\" src=\"https:\/\/amanecerhuasteco.com\/portal\/wp-content\/uploads\/2026\/04\/IMG-20260407-WA0146-768x1024.jpg\" class=\"pt-cv-thumbnail\" alt=\"\" \/><\/a><\/div>\n<div class=\"pt-cv-remain-wrapper\"><h4 class=\"pt-cv-title\"><a href=\"https:\/\/amanecerhuasteco.com\/portal\/ayuntamiento-lleva-acabo-vacunacion-antirrabica-en-la-colonia-plan-de-ayala\/\" class=\"_self\" target=\"_self\" >Ayuntamiento lleva acabo vacunaci\u00f3n antirr\u00e1bica en la colonia Plan de Ayala<\/a><\/h4><div class=\"pt-cv-content\">CIUDAD VALLES, S.L.P.\u2013 Un total de 132 dosis antirr\u00e1bicas fueron aplicadas este martes 07 de abril, en el m\u00f3dulo instalado &#8230;<\/div><div class=\"pt-cv-rmwrap\"><a href=\"https:\/\/amanecerhuasteco.com\/portal\/ayuntamiento-lleva-acabo-vacunacion-antirrabica-en-la-colonia-plan-de-ayala\/\" class=\"_self pt-cv-readmore btn btn-success\" target=\"_self\" >Leer M\u00e1s<\/a><\/div><div class=\"pt-cv-meta-fields\"><span class=\"entry-date\"> <time datetime=\"2026-04-08T07:25:24-06:00\">Abr 8, 2026<\/time><\/span><span> \/ <\/span><span class=\"author\"> <a href=\"https:\/\/amanecerhuasteco.com\/portal\/author\/amanecer-huasteco\/\" rel=\"author\">Amanecer Huasteco<\/a><\/span><\/div><\/div><\/div>\n<div class=\" pt-cv-content-item pt-cv-1-col\" ><div class=\"pt-cv-thumb-wrapper  \"><a href=\"https:\/\/amanecerhuasteco.com\/portal\/la-academia-de-seguridad-y-proteccion-ciudadana-estatal-participa-en-trabajos-regionales-para-mejorar-la-formacion-y-reforzar-la-labor-policial-de-la-guardia-civil-estatal\/\" class=\"_self pt-cv-href-thumbnail pt-cv-thumb-default\" target=\"_self\" ><img decoding=\"async\" width=\"735\" height=\"444\" src=\"https:\/\/amanecerhuasteco.com\/portal\/wp-content\/uploads\/2026\/04\/IMG-20260407-WA0093-768x464.jpg\" class=\"pt-cv-thumbnail\" alt=\"\" \/><\/a><\/div>\n<div class=\"pt-cv-remain-wrapper\"><h4 class=\"pt-cv-title\"><a href=\"https:\/\/amanecerhuasteco.com\/portal\/la-academia-de-seguridad-y-proteccion-ciudadana-estatal-participa-en-trabajos-regionales-para-mejorar-la-formacion-y-reforzar-la-labor-policial-de-la-guardia-civil-estatal\/\" class=\"_self\" target=\"_self\" >La Academia de Seguridad y Protecci\u00f3n Ciudadana Estatal, participa en trabajos regionales para mejorar la formaci\u00f3n y reforzar la labor policial de la Guardia Civil Estatal.<\/a><\/h4><div class=\"pt-cv-content\">SAN LUIS POTOS\u00cd DESTACA EN PROFESIONALIZACI\u00d3N DE POLIC\u00cdAS EN LA REGI\u00d3N NORESTE Con el compromiso de fortalecer la profesionalizaci\u00f3n de &#8230;<\/div><div class=\"pt-cv-rmwrap\"><a href=\"https:\/\/amanecerhuasteco.com\/portal\/la-academia-de-seguridad-y-proteccion-ciudadana-estatal-participa-en-trabajos-regionales-para-mejorar-la-formacion-y-reforzar-la-labor-policial-de-la-guardia-civil-estatal\/\" class=\"_self pt-cv-readmore btn btn-success\" target=\"_self\" >Leer M\u00e1s<\/a><\/div><div class=\"pt-cv-meta-fields\"><span class=\"entry-date\"> <time datetime=\"2026-04-08T07:21:02-06:00\">Abr 8, 2026<\/time><\/span><span> \/ <\/span><span class=\"author\"> <a href=\"https:\/\/amanecerhuasteco.com\/portal\/author\/amanecer-huasteco\/\" rel=\"author\">Amanecer Huasteco<\/a><\/span><\/div><\/div><\/div>\n<div class=\" pt-cv-content-item pt-cv-1-col\" ><div class=\"pt-cv-thumb-wrapper  \"><a href=\"https:\/\/amanecerhuasteco.com\/portal\/cerca-de-2-mil-personas-recibieron-apoyo-y-orientacion-de-la-guardia-civil-estatal-en-esta-semana-santa\/\" class=\"_self pt-cv-href-thumbnail pt-cv-thumb-default\" target=\"_self\" ><img decoding=\"async\" width=\"735\" height=\"405\" src=\"https:\/\/amanecerhuasteco.com\/portal\/wp-content\/uploads\/2026\/04\/IMG-20260407-WA0097-768x423.jpg\" class=\"pt-cv-thumbnail\" alt=\"\" \/><\/a><\/div>\n<div class=\"pt-cv-remain-wrapper\"><h4 class=\"pt-cv-title\"><a href=\"https:\/\/amanecerhuasteco.com\/portal\/cerca-de-2-mil-personas-recibieron-apoyo-y-orientacion-de-la-guardia-civil-estatal-en-esta-semana-santa\/\" class=\"_self\" target=\"_self\" >Cerca de 2 mil personas recibieron apoyo y orientaci\u00f3n de la Guardia Civil Estatal, en esta Semana Santa.<\/a><\/h4><div class=\"pt-cv-content\">GOBIERNO DEL ESTADO GARANTIZA SEGURIDAD DURANTE EL PERIODO VACACIONAL El Gobierno del Estado, que encabeza Ricardo Gallardo Cardona, a trav\u00e9s &#8230;<\/div><div class=\"pt-cv-rmwrap\"><a href=\"https:\/\/amanecerhuasteco.com\/portal\/cerca-de-2-mil-personas-recibieron-apoyo-y-orientacion-de-la-guardia-civil-estatal-en-esta-semana-santa\/\" class=\"_self pt-cv-readmore btn btn-success\" target=\"_self\" >Leer M\u00e1s<\/a><\/div><div class=\"pt-cv-meta-fields\"><span class=\"entry-date\"> <time datetime=\"2026-04-08T07:18:56-06:00\">Abr 8, 2026<\/time><\/span><span> \/ <\/span><span class=\"author\"> <a href=\"https:\/\/amanecerhuasteco.com\/portal\/author\/amanecer-huasteco\/\" rel=\"author\">Amanecer Huasteco<\/a><\/span><\/div><\/div><\/div><\/div><\/div>\n<div class=\" pt-cv-pagination-wrapper\"><ul class=\"pt-cv-pagination pt-cv-ajax pagination\" data-totalpages=\"6392\" data-currentpage=\"1\" data-sid=\"c2wy4k0h\" data-unid=\"\" data-isblock=\"grid1\" data-postid=\"0\"><li class=\"active\"><a href=\"#\">1<\/a><\/li>\n\t<li ><a class=\"\" href=\"https:\/\/amanecerhuasteco.com\/portal\/wp-json\/wp\/v2\/pages\/17901\/?_page=2\">2<\/a><\/li>\n\t<li ><a class=\"\" href=\"https:\/\/amanecerhuasteco.com\/portal\/wp-json\/wp\/v2\/pages\/17901\/?_page=3\">3<\/a><\/li>\n\t<li ><a href=\"#\">&hellip;<\/a><\/li>\n\t<li ><a class=\"\" href=\"https:\/\/amanecerhuasteco.com\/portal\/wp-json\/wp\/v2\/pages\/17901\/?_page=6392\">6.392<\/a><\/li>\n\t<li ><a class=\" \" href=\"https:\/\/amanecerhuasteco.com\/portal\/wp-json\/wp\/v2\/pages\/17901\/?_page=2\">&rsaquo;<\/a><\/li>\n\t<\/ul><img decoding=\"async\" width=\"15\" height=\"15\" class=\"pt-cv-spinner\" alt=\"Cargando...\" src=\"data:image\/gif;base64,R0lGODlhDwAPALMPAMrKygwMDJOTkz09PZWVla+vr3p6euTk5M7OzuXl5TMzMwAAAJmZmWZmZszMzP\/\/\/yH\/C05FVFNDQVBFMi4wAwEAAAAh+QQFCgAPACwAAAAADwAPAAAEQvDJaZaZOIcV8iQK8VRX4iTYoAwZ4iCYoAjZ4RxejhVNoT+mRGP4cyF4Pp0N98sBGIBMEMOotl6YZ3S61Bmbkm4mAgAh+QQFCgAPACwAAAAADQANAAAENPDJSRSZeA418itN8QiK8BiLITVsFiyBBIoYqnoewAD4xPw9iY4XLGYSjkQR4UAUD45DLwIAIfkEBQoADwAsAAAAAA8ACQAABC\/wyVlamTi3nSdgwFNdhEJgTJoNyoB9ISYoQmdjiZPcj7EYCAeCF1gEDo4Dz2eIAAAh+QQFCgAPACwCAAAADQANAAAEM\/DJBxiYeLKdX3IJZT1FU0iIg2RNKx3OkZVnZ98ToRD4MyiDnkAh6BkNC0MvsAj0kMpHBAAh+QQFCgAPACwGAAAACQAPAAAEMDC59KpFDll73HkAA2wVY5KgiK5b0RRoI6MuzG6EQqCDMlSGheEhUAgqgUUAFRySIgAh+QQFCgAPACwCAAIADQANAAAEM\/DJKZNLND\/kkKaHc3xk+QAMYDKsiaqmZCxGVjSFFCxB1vwy2oOgIDxuucxAMTAJFAJNBAAh+QQFCgAPACwAAAYADwAJAAAEMNAs86q1yaWwwv2Ig0jUZx3OYa4XoRAfwADXoAwfo1+CIjyFRuEho60aSNYlOPxEAAAh+QQFCgAPACwAAAIADQANAAAENPA9s4y8+IUVcqaWJ4qEQozSoAzoIyhCK2NFU2SJk0hNnyEOhKR2AzAAj4Pj4GE4W0bkJQIAOw==\" \/><div class=\"clear pt-cv-clear-pagination\"><\/div><\/div> <\/div> <style>\n\n#pt-cv-view-c2wy4k0h .pt-cv-meta-fields {  }#pt-cv-view-c2wy4k0h .pt-cv-meta-fields * { font-size: 13px; }#pt-cv-view-c2wy4k0h .pt-cv-thumb-wrapper:not(.miniwrap) {  }#pt-cv-view-c2wy4k0h .pt-cv-thumbnail:not(.pt-cv-thumbnailsm) { height: 150px; }#pt-cv-view-c2wy4k0h .pt-cv-title a { display: block; }#pt-cv-view-c2wy4k0h .pt-cv-title:not(.pt-cv-titlesm) a { font-weight: 600;text-decoration: none;font-size: 20px; }#pt-cv-view-c2wy4k0h .pt-cv-titlesm a { font-weight: 600;font-size: 18px; }#pt-cv-view-c2wy4k0h .pt-cv-content { font-size: 15px; }#pt-cv-view-c2wy4k0h .pt-cv-rmwrap {  }#pt-cv-view-c2wy4k0h .pt-cv-readmore { color: #fff;background-color: #0075ff;font-size: 14px; }#pt-cv-view-c2wy4k0h .pt-cv-taxoterm {  }#pt-cv-view-c2wy4k0h .pt-cv-taxoterm * { color: #222;background-color: #fff6f6;font-size: 14px; }#pt-cv-view-c2wy4k0h + .pt-cv-pagination-wrapper {  }#pt-cv-view-c2wy4k0h + .pt-cv-pagination-wrapper a { font-size: 14px; }#pt-cv-view-c2wy4k0h > .pt-cv-page {grid-template-columns: repeat(3, 1fr);grid-gap: 20px;}\n@media all and (max-width: 1024px) { \n#pt-cv-view-c2wy4k0h > .pt-cv-page {}\n} \n@media all and (max-width: 767px) { \n#pt-cv-view-c2wy4k0h > .pt-cv-page {grid-template-columns: repeat(1, 1fr);}\n} <\/style>","protected":false},"excerpt":{"rendered":"","protected":false},"author":1,"featured_media":17874,"parent":0,"menu_order":0,"comment_status":"closed","ping_status":"closed","template":"template-magazine.php","meta":{"footnotes":""},"class_list":["post-17901","page","type-page","status-publish","has-post-thumbnail","hentry"],"_links":{"self":[{"href":"https:\/\/amanecerhuasteco.com\/portal\/wp-json\/wp\/v2\/pages\/17901","targetHints":{"allow":["GET"]}}],"collection":[{"href":"https:\/\/amanecerhuasteco.com\/portal\/wp-json\/wp\/v2\/pages"}],"about":[{"href":"https:\/\/amanecerhuasteco.com\/portal\/wp-json\/wp\/v2\/types\/page"}],"author":[{"embeddable":true,"href":"https:\/\/amanecerhuasteco.com\/portal\/wp-json\/wp\/v2\/users\/1"}],"replies":[{"embeddable":true,"href":"https:\/\/amanecerhuasteco.com\/portal\/wp-json\/wp\/v2\/comments?post=17901"}],"version-history":[{"count":3,"href":"https:\/\/amanecerhuasteco.com\/portal\/wp-json\/wp\/v2\/pages\/17901\/revisions"}],"predecessor-version":[{"id":93494,"href":"https:\/\/amanecerhuasteco.com\/portal\/wp-json\/wp\/v2\/pages\/17901\/revisions\/93494"}],"wp:featuredmedia":[{"embeddable":true,"href":"https:\/\/amanecerhuasteco.com\/portal\/wp-json\/wp\/v2\/media\/17874"}],"wp:attachment":[{"href":"https:\/\/amanecerhuasteco.com\/portal\/wp-json\/wp\/v2\/media?parent=17901"}],"curies":[{"name":"wp","href":"https:\/\/api.w.org\/{rel}","templated":true}]}}