{"id":19358,"date":"2017-12-10T19:28:52","date_gmt":"2017-12-11T01:28:52","guid":{"rendered":"http:\/\/amanecerhuasteco.com\/portal\/?page_id=19358"},"modified":"2017-12-10T19:32:37","modified_gmt":"2017-12-11T01:32:37","slug":"jm-carreras-fortalece-medidas-de-atencion-y-prevencion-por-bajas-temperaturas","status":"publish","type":"page","link":"https:\/\/amanecerhuasteco.com\/portal\/jm-carreras-fortalece-medidas-de-atencion-y-prevencion-por-bajas-temperaturas\/","title":{"rendered":"JM Carreras fortalece medidas de atenci\u00f3n y prevenci\u00f3n por bajas temperaturas"},"content":{"rendered":"<p>&nbsp;<\/p>\n<p>\u2022 A trav\u00e9s del DIF estatal se han entregado 13 mil 550 cobijas, 3 mil 804 colchonetas, 7 mil 380 despensas y aproximadamente 9 toneladas de ropa.<br \/>\n\u2022 Vacunaci\u00f3n contra la influenza ha llegado a m\u00e1s de 500 mil personas y se instalar\u00e1n m\u00f3dulos en lugares p\u00fablicos.<\/p>\n<p>Dependencias estatales, federales y municipales fortalecen sus acciones que permitan brindar una mayor protecci\u00f3n a la poblaci\u00f3n ante la contingencia climatol\u00f3gica, para proteger la vida de las personas, disminuir las enfermedades respiratorias e impulsar una cultura de auto cuidado durante la temporada invernal, dijo el Gobernador del Estado Juan Manuel Carreras L\u00f3pez, al encabezar la reuni\u00f3n del Consejo Estatal de Protecci\u00f3n Civil.<\/p>\n<p>En la reuni\u00f3n se dio a conocer que las bajas temperaturas prevalecer\u00e1n hasta el pr\u00f3ximo martes debido al frente fr\u00edo 14 y a una masa de aire polar, en interacci\u00f3n con la primera tormenta invernal, por lo que las medidas de prevenci\u00f3n y protecci\u00f3n se fortalecer\u00e1n y se evaluar\u00e1n permanentemente en este lapso.<\/p>\n<p>Con la presencia de la Presidenta de la Junta directiva del DIF Estatal, Lorena Valle Rodr\u00edguez, se inform\u00f3 que por parte del Sistema Estatal para el Desarrollo Integral de la Familia, se han repartido de manera preventiva durante esta temporada invernal, 13 mil 550 cobijas, 3 mil 804 colchonetas, 7 mil 380 despensas, mil 61 juegos de s\u00e1banas, 3 mil 31 toallas para ba\u00f1o y aproximadamente 9 toneladas de ropa.<\/p>\n<p>Aqu\u00ed, la directora del DIF Cecilia Gordoa, anunci\u00f3 que se lleva a cabo una campa\u00f1a de colecta de chamarras su\u00e9teres, cobijas y colchonetas para apoyar a la poblaci\u00f3n m\u00e1s vulnerable ante las bajas temperaturas y cuyo principal centro de acopio est\u00e1 en las instalaciones del DIF, con el apoyo de los DIF municipales.<\/p>\n<p>Protecci\u00f3n Civil inform\u00f3 que ayer a partir de las 8 de la ma\u00f1ana se comenzaron a recibirlos primeros reportes de ca\u00edda de nieve en los municipios de Catorce y Vanegas, mientras que a lo largo del d\u00eda se present\u00f3 ca\u00edda de nieve en los municipios de Matehuala, Salinas y Cedral, as\u00ed como aguanieve en Mexquitic, Ahualulco, San Luis Potos\u00ed, Tamazunchale y Xilitla, por lo que se abrieron por parte del sistema estatal de protecci\u00f3n civil, a trav\u00e9s de sus coordinaciones municipales, refugios temporales en el altiplano.<\/p>\n<p>En su intervenci\u00f3n, la secretaria de Salud M\u00f3nica Liliana Rangel Mart\u00ednez, inform\u00f3 que se reforzar\u00e1 la campa\u00f1a de vacunaci\u00f3n contra la influenza, que hasta el momento tiene un avance del 64 por ciento en todo el estado con m\u00e1s de 500 mil vacunas aplicadas en lugares p\u00fablicos, por lo que invit\u00f3 a la poblaci\u00f3n que se acerque a la unidad m\u00e9dica m\u00e1s cercana, ya que se han presentado 19 casos de esta enfermedad en los municipios de San Luis Potos\u00ed, Ciudad Vales, Soledad de Graciano S\u00e1nchez y C\u00e1rdenas.<\/p>\n<p>Indic\u00f3 que por orden del Gobernador Carreras L\u00f3pez todos los centros de salud y hospitales se encuentran abiertos para atender a la poblaci\u00f3n, adem\u00e1s 19 unidades m\u00e9dicas m\u00f3viles recorren los municipios de m\u00e1s alto riesgo<\/p>\n<p>Sobre la muerte de una persona del sexo masculino de 47 a\u00f1os, el cual fue localizado en v\u00eda p\u00fablica, cuya probable causa de muerte fue hipotermia, dijo que esto deber\u00e1 confirmarse por parte del Servicio M\u00e9dico Legista.<\/p>\n<p>Adem\u00e1s de esta persona se reportaron dos casos de hipotermia confirmados, una ni\u00f1a de 12 a\u00f1os en el municipio de Charcas, la cual se encuentra estable y un hombre de 85 a\u00f1os en el municipio de Santa Catarina, el cual se encuentra en estado delicado.<\/p>\n<p>Ante los pron\u00f3sticos de bajas temperaturas, en conjunto con la Secretar\u00eda de Educaci\u00f3n del Gobierno del Estado se decidi\u00f3 la suspensi\u00f3n de clases el viernes en el turno vespertino de los planteles de educaci\u00f3n b\u00e1sica localizados en las zonas centro y altiplano del estado, para evitar afectaciones en la poblaci\u00f3n escolar y se analizar\u00e1 en las pr\u00f3ximas horas las medidas para el lunes.<\/p>\n<p>Por su parte la Polic\u00eda Federal, dio a conocer que en este momento ninguna carretera en el estado su encuentra cerrada. Se\u00f1al\u00f3 que se mantienen atentos al desarrollo de este fen\u00f3meno reforzando las carreteras donde hist\u00f3ricamente se presentan muy bajas temperaturas y la cristalizaci\u00f3n de pavimento para resguardar a la poblaci\u00f3n en caso de ser necesario. Inform\u00f3 que el d\u00eda de ayer, debido a las condiciones de nieve, fueron cerradas la carretera 57 en el tramo de cuota Saltillo-Monterrey, cual en el trascurso del este mismo d\u00eda quedar\u00e1 abierta, mientras que la carretera libre se encuentra abierta con tr\u00e1nsito lento.<\/p>\n<p>Por parte el secretario general de Gobierno Alejandro Leal Tov\u00edas, inform\u00f3 que a trav\u00e9s de la Direcci\u00f3n General de Seguridad P\u00fabica que apoyo con cobijas a 400 jornaleros agr\u00edcolas que se encontraban en un albergue en el municipio de Villa de Arista.<\/p>\n<p>Para informar a la poblaci\u00f3n de las medidas que debe adoptar, la Coordinaci\u00f3n de Comunicaci\u00f3n Social de Gobierno del Estado mantiene una campa\u00f1a de difusi\u00f3n en coordinaci\u00f3n con Protecci\u00f3n Civil desde el 22 de noviembre en radio de todo el estado.<\/p>\n<p>&nbsp;<\/p>\n","protected":false},"excerpt":{"rendered":"<p>&nbsp; \u2022 A trav\u00e9s del DIF estatal se han entregado 13 mil 550 cobijas, 3 mil 804 colchonetas, 7 mil 380 despensas y aproximadamente 9 toneladas de ropa. \u2022 Vacunaci\u00f3n contra la influenza ha llegado a m\u00e1s de 500 mil personas y se instalar\u00e1n m\u00f3dulos &hellip; <\/p>\n","protected":false},"author":1,"featured_media":19359,"parent":0,"menu_order":0,"comment_status":"closed","ping_status":"closed","template":"","meta":{"footnotes":""},"class_list":["post-19358","page","type-page","status-publish","has-post-thumbnail","hentry"],"_links":{"self":[{"href":"https:\/\/amanecerhuasteco.com\/portal\/wp-json\/wp\/v2\/pages\/19358","targetHints":{"allow":["GET"]}}],"collection":[{"href":"https:\/\/amanecerhuasteco.com\/portal\/wp-json\/wp\/v2\/pages"}],"about":[{"href":"https:\/\/amanecerhuasteco.com\/portal\/wp-json\/wp\/v2\/types\/page"}],"author":[{"embeddable":true,"href":"https:\/\/amanecerhuasteco.com\/portal\/wp-json\/wp\/v2\/users\/1"}],"replies":[{"embeddable":true,"href":"https:\/\/amanecerhuasteco.com\/portal\/wp-json\/wp\/v2\/comments?post=19358"}],"version-history":[{"count":1,"href":"https:\/\/amanecerhuasteco.com\/portal\/wp-json\/wp\/v2\/pages\/19358\/revisions"}],"predecessor-version":[{"id":19360,"href":"https:\/\/amanecerhuasteco.com\/portal\/wp-json\/wp\/v2\/pages\/19358\/revisions\/19360"}],"wp:featuredmedia":[{"embeddable":true,"href":"https:\/\/amanecerhuasteco.com\/portal\/wp-json\/wp\/v2\/media\/19359"}],"wp:attachment":[{"href":"https:\/\/amanecerhuasteco.com\/portal\/wp-json\/wp\/v2\/media?parent=19358"}],"curies":[{"name":"wp","href":"https:\/\/api.w.org\/{rel}","templated":true}]}}